{"id":156,"date":"2026-01-21T15:22:24","date_gmt":"2026-01-21T14:22:24","guid":{"rendered":"https:\/\/distribuidoraindustrialyautomotriz.com\/?page_id=156"},"modified":"2026-02-12T12:09:26","modified_gmt":"2026-02-12T18:09:26","slug":"productos","status":"publish","type":"page","link":"https:\/\/distribuidoraindustrialyautomotriz.com\/index.php\/productos\/","title":{"rendered":"Productos"},"content":{"rendered":"<div class=\"wpb-content-wrapper\"><p>[vc_row][vc_column][vc_separator css=&#8221;&#8221;][\/vc_column][\/vc_row][vc_row][vc_column width=&#8221;1\/4&#8243;][vc_hoverbox image=&#8221;230&#8243; primary_title=&#8221;&#8221; primary_title_font_container=&#8221;color:%231E73BE&#8221; hover_title=&#8221;Cojinetes&#8221; use_custom_fonts_primary_title=&#8221;true&#8221;]El rendimiento \u00f3ptimo de la maquinaria giratoria depende de factores como dimensiones, velocidad, carga, sellado y lubricaci\u00f3n.[\/vc_hoverbox][\/vc_column][vc_column width=&#8221;1\/4&#8243;][vc_hoverbox image=&#8221;226&#8243; primary_title=&#8221;&#8221; hover_title=&#8221;Retenedores&#8221;]Reduce el juego axial entre el rodamiento y el soporte de la caja de engranajes.<br data-start=\"126\" data-end=\"129\" \/>Mejora la eficiencia, disminuyendo ruido, vibraci\u00f3n y aspereza.[\/vc_hoverbox][\/vc_column][vc_column width=&#8221;1\/4&#8243;][vc_hoverbox image=&#8221;228&#8243; primary_title=&#8221;&#8221; hover_title=&#8221;Chumaceras&#8221;]La chumacera es un rodamiento montado en una base fija que soporta un eje de rotaci\u00f3n. Adem\u00e1s, se ofrece una amplia gama de rodamientos, r\u00f3tulas y cabezas de articulaci\u00f3n con diversos materiales para cojinetes y casquillos.[\/vc_hoverbox][\/vc_column][vc_column width=&#8221;1\/4&#8243;][vc_hoverbox image=&#8221;235&#8243; primary_title=&#8221;&#8221; hover_title=&#8221;Fajas Industriales&#8221;]Una faja de transmisi\u00f3n es un sistema mec\u00e1nico que transmite movimiento y energ\u00eda entre ruedas mediante una correa continua que, por fricci\u00f3n, lleva la energ\u00eda desde la rueda motriz a las dem\u00e1s.[\/vc_hoverbox][\/vc_column][\/vc_row][vc_row][vc_column width=&#8221;1\/4&#8243;][vc_hoverbox image=&#8221;238&#8243; primary_title=&#8221;&#8221; primary_title_font_container=&#8221;color:%231E73BE&#8221; hover_title=&#8221;Cadenas&#8221; use_custom_fonts_primary_title=&#8221;true&#8221;]<\/p>\n<article class=\"text-token-text-primary w-full focus:outline-none [--shadow-height:45px] has-data-writing-block:pointer-events-none has-data-writing-block:-mt-(--shadow-height) has-data-writing-block:pt-(--shadow-height) [&amp;:has([data-writing-block])&gt;*]:pointer-events-auto scroll-mt-(--header-height)\" dir=\"auto\" tabindex=\"-1\" data-turn-id=\"2f33b2a0-cd5c-4c5c-960c-e8d1dd7063a4\" data-testid=\"conversation-turn-3\" data-scroll-anchor=\"false\" data-turn=\"user\"><\/article>\n<article class=\"text-token-text-primary w-full focus:outline-none [--shadow-height:45px] has-data-writing-block:pointer-events-none has-data-writing-block:-mt-(--shadow-height) has-data-writing-block:pt-(--shadow-height) [&amp;:has([data-writing-block])&gt;*]:pointer-events-auto scroll-mt-[calc(var(--header-height)+min(200px,max(70px,20svh)))]\" dir=\"auto\" tabindex=\"-1\" data-turn-id=\"request-WEB:1b3af68e-8efc-422a-b4e6-61a76931beeb-1\" data-testid=\"conversation-turn-4\" data-scroll-anchor=\"true\" data-turn=\"assistant\">\n<div class=\"text-base my-auto mx-auto pb-10 [--thread-content-margin:--spacing(4)] @w-sm\/main:[--thread-content-margin:--spacing(6)] @w-lg\/main:[--thread-content-margin:--spacing(16)] px-(--thread-content-margin)\">\n<div class=\"[--thread-content-max-width:40rem] @w-lg\/main:[--thread-content-max-width:48rem] mx-auto max-w-(--thread-content-max-width) flex-1 group\/turn-messages focus-visible:outline-hidden relative flex w-full min-w-0 flex-col agent-turn\" tabindex=\"-1\">\n<div class=\"flex max-w-full flex-col grow\">\n<div class=\"min-h-8 text-message relative flex w-full flex-col items-end gap-2 text-start break-words whitespace-normal [.text-message+&amp;]:mt-1\" dir=\"auto\" data-message-author-role=\"assistant\" data-message-id=\"b92fa536-d4b6-4ac0-b3fa-43cd8c748229\" data-message-model-slug=\"gpt-5-2\">\n<div class=\"flex w-full flex-col gap-1 empty:hidden first:pt-[1px]\">\n<div class=\"markdown prose dark:prose-invert w-full wrap-break-word light markdown-new-styling\">\n<p data-start=\"0\" data-end=\"266\" data-is-last-node=\"\" data-is-only-node=\"\">Las cadenas de transmisi\u00f3n son ideales para transmitir grandes pares de fuerza en velocidades medias y bajas.<br data-start=\"109\" data-end=\"112\" \/>Permiten transferir potencia a distancias considerables con alto rendimiento.<\/p>\n<\/div>\n<\/div>\n<\/div>\n<\/div>\n<\/div>\n<\/div>\n<\/article>\n<p>[\/vc_hoverbox][\/vc_column][vc_column width=&#8221;1\/4&#8243;][vc_hoverbox image=&#8221;240&#8243; primary_title=&#8221;&#8221; hover_title=&#8221;Grasas Industriales&#8221;]Las grasas lubricantes son sustancias s\u00f3lidas o semifluidas formadas por la mezcla de un agente espesante y un lubricante l\u00edquido.<br data-start=\"130\" data-end=\"133\" \/>[\/vc_hoverbox][\/vc_column][vc_column width=&#8221;1\/4&#8243;][vc_hoverbox image=&#8221;241&#8243; primary_title=&#8221;&#8221; hover_title=&#8221;Motor El\u00e9ctrico&#8221;]Es un equipo que convierte la energ\u00eda el\u00e9ctrica en energ\u00eda mec\u00e1nica mediante la interacci\u00f3n de bobinas que generan campos magn\u00e9ticos.<br data-start=\"133\" data-end=\"136\" \/>[\/vc_hoverbox][\/vc_column][vc_column width=&#8221;1\/4&#8243;][vc_hoverbox image=&#8221;245&#8243; primary_title=&#8221;&#8221; hover_title=&#8221;Capacitores&#8221;]Los capacitores electrol\u00edticos se utilizan para el arranque de motores monof\u00e1sicos en equipos como herramientas el\u00e9ctricas, bombas, compresores y refrigeraci\u00f3n, ya que proporcionan mayor par de arranque.[\/vc_hoverbox][\/vc_column][\/vc_row]<\/p>\n<\/div>","protected":false},"excerpt":{"rendered":"<p>[vc_row][vc_column][vc_separator css=&#8221;&#8221;][\/vc_column][\/vc_row][vc_row][vc_column width=&#8221;1\/4&#8243;][vc_hoverbox image=&#8221;230&#8243; primary_title=&#8221;&#8221; primary_title_font_container=&#8221;color:%231E73BE&#8221; hover_title=&#8221;Cojinetes&#8221; use_custom_fonts_primary_title=&#8221;true&#8221;]El rendimiento \u00f3ptimo de la maquinaria giratoria depende de factores como dimensiones, velocidad, carga, sellado y lubricaci\u00f3n.[\/vc_hoverbox][\/vc_column][vc_column width=&#8221;1\/4&#8243;][vc_hoverbox image=&#8221;226&#8243; primary_title=&#8221;&#8221; hover_title=&#8221;Retenedores&#8221;]Reduce el juego axial entre el rodamiento y el soporte de la caja de engranajes.Mejora la eficiencia, disminuyendo ruido, vibraci\u00f3n y aspereza.[\/vc_hoverbox][\/vc_column][vc_column width=&#8221;1\/4&#8243;][vc_hoverbox image=&#8221;228&#8243; primary_title=&#8221;&#8221; hover_title=&#8221;Chumaceras&#8221;]La chumacera es [&hellip;]<\/p>\n","protected":false},"author":1,"featured_media":0,"parent":0,"menu_order":0,"comment_status":"closed","ping_status":"closed","template":"full-width.php","meta":{"footnotes":""},"class_list":["post-156","page","type-page","status-publish","hentry"],"_links":{"self":[{"href":"https:\/\/distribuidoraindustrialyautomotriz.com\/index.php\/wp-json\/wp\/v2\/pages\/156","targetHints":{"allow":["GET"]}}],"collection":[{"href":"https:\/\/distribuidoraindustrialyautomotriz.com\/index.php\/wp-json\/wp\/v2\/pages"}],"about":[{"href":"https:\/\/distribuidoraindustrialyautomotriz.com\/index.php\/wp-json\/wp\/v2\/types\/page"}],"author":[{"embeddable":true,"href":"https:\/\/distribuidoraindustrialyautomotriz.com\/index.php\/wp-json\/wp\/v2\/users\/1"}],"replies":[{"embeddable":true,"href":"https:\/\/distribuidoraindustrialyautomotriz.com\/index.php\/wp-json\/wp\/v2\/comments?post=156"}],"version-history":[{"count":22,"href":"https:\/\/distribuidoraindustrialyautomotriz.com\/index.php\/wp-json\/wp\/v2\/pages\/156\/revisions"}],"predecessor-version":[{"id":246,"href":"https:\/\/distribuidoraindustrialyautomotriz.com\/index.php\/wp-json\/wp\/v2\/pages\/156\/revisions\/246"}],"wp:attachment":[{"href":"https:\/\/distribuidoraindustrialyautomotriz.com\/index.php\/wp-json\/wp\/v2\/media?parent=156"}],"curies":[{"name":"wp","href":"https:\/\/api.w.org\/{rel}","templated":true}]}}